{"id":117,"date":"2020-03-21T10:01:41","date_gmt":"2020-03-21T09:01:41","guid":{"rendered":"https:\/\/osk-ar.pl\/?page_id=117"},"modified":"2021-03-26T10:43:01","modified_gmt":"2021-03-26T09:43:01","slug":"oferta","status":"publish","type":"page","link":"https:\/\/osk-ar.pl\/","title":{"rendered":"Oferta"},"content":{"rendered":"\t\t<div data-elementor-type=\"wp-page\" data-elementor-id=\"117\" class=\"elementor elementor-117\" data-elementor-post-type=\"page\">\n\t\t\t\t\t\t<section class=\"elementor-section elementor-top-section elementor-element elementor-element-a051784 elementor-section-stretched elementor-section-boxed elementor-section-height-default elementor-section-height-default\" data-id=\"a051784\" data-element_type=\"section\" data-settings=\"{&quot;stretch_section&quot;:&quot;section-stretched&quot;}\">\n\t\t\t\t\t\t<div class=\"elementor-container elementor-column-gap-default\">\n\t\t\t\t\t<div class=\"elementor-column elementor-col-100 elementor-top-column elementor-element elementor-element-03ea9f2\" data-id=\"03ea9f2\" data-element_type=\"column\">\n\t\t\t<div class=\"elementor-widget-wrap elementor-element-populated\">\n\t\t\t\t\t\t<div class=\"elementor-element elementor-element-67d42be elementor-widget-divider--view-line elementor-widget elementor-widget-divider\" data-id=\"67d42be\" data-element_type=\"widget\" data-widget_type=\"divider.default\">\n\t\t\t\t<div class=\"elementor-widget-container\">\n\t\t\t\t\t\t\t<div class=\"elementor-divider\">\n\t\t\t<span class=\"elementor-divider-separator\">\n\t\t\t\t\t\t<\/span>\n\t\t<\/div>\n\t\t\t\t\t\t<\/div>\n\t\t\t\t<\/div>\n\t\t\t\t<div class=\"elementor-element elementor-element-137c58d elementor-widget elementor-widget-spacer\" data-id=\"137c58d\" data-element_type=\"widget\" data-widget_type=\"spacer.default\">\n\t\t\t\t<div class=\"elementor-widget-container\">\n\t\t\t\t\t\t\t<div class=\"elementor-spacer\">\n\t\t\t<div class=\"elementor-spacer-inner\"><\/div>\n\t\t<\/div>\n\t\t\t\t\t\t<\/div>\n\t\t\t\t<\/div>\n\t\t\t\t\t<\/div>\n\t\t<\/div>\n\t\t\t\t\t<\/div>\n\t\t<\/section>\n\t\t\t\t<section class=\"elementor-section elementor-top-section elementor-element elementor-element-bb8c747 elementor-section-stretched elementor-section-boxed elementor-section-height-default elementor-section-height-default\" data-id=\"bb8c747\" data-element_type=\"section\" data-settings=\"{&quot;stretch_section&quot;:&quot;section-stretched&quot;}\">\n\t\t\t\t\t\t<div class=\"elementor-container elementor-column-gap-default\">\n\t\t\t\t\t<div class=\"elementor-column elementor-col-25 elementor-top-column elementor-element elementor-element-db6c3e2\" data-id=\"db6c3e2\" data-element_type=\"column\">\n\t\t\t<div class=\"elementor-widget-wrap elementor-element-populated\">\n\t\t\t\t\t\t<div class=\"elementor-element elementor-element-9c17390 elementor-widget elementor-widget-text-editor\" data-id=\"9c17390\" data-element_type=\"widget\" data-widget_type=\"text-editor.default\">\n\t\t\t\t<div class=\"elementor-widget-container\">\n\t\t\t\t\t\t\t\t\t<h3><strong>ROZPOCZ\u0118CIE KURSU<br \/><em>Tel 665001711<\/em><br \/><\/strong>ul. Fabryczna 5<br \/>64 &#8211; 610 Rogo\u017ano<\/h3>\t\t\t\t\t\t\t\t<\/div>\n\t\t\t\t<\/div>\n\t\t\t\t<div class=\"elementor-element elementor-element-04f4073 elementor-widget elementor-widget-spacer\" data-id=\"04f4073\" data-element_type=\"widget\" data-widget_type=\"spacer.default\">\n\t\t\t\t<div class=\"elementor-widget-container\">\n\t\t\t\t\t\t\t<div class=\"elementor-spacer\">\n\t\t\t<div class=\"elementor-spacer-inner\"><\/div>\n\t\t<\/div>\n\t\t\t\t\t\t<\/div>\n\t\t\t\t<\/div>\n\t\t\t\t<div class=\"elementor-element elementor-element-28da4dc elementor-widget elementor-widget-image\" data-id=\"28da4dc\" data-element_type=\"widget\" data-widget_type=\"image.default\">\n\t\t\t\t<div class=\"elementor-widget-container\">\n\t\t\t\t\t\t\t\t\t\t\t\t\t\t\t<img decoding=\"async\" width=\"256\" height=\"130\" src=\"https:\/\/osk-ar.pl\/wp-content\/uploads\/2020\/03\/zygzak.png\" class=\"attachment-large size-large wp-image-174\" alt=\"\" \/>\t\t\t\t\t\t\t\t\t\t\t\t\t\t\t<\/div>\n\t\t\t\t<\/div>\n\t\t\t\t\t<\/div>\n\t\t<\/div>\n\t\t\t\t<div class=\"elementor-column elementor-col-50 elementor-top-column elementor-element elementor-element-d866f5f\" data-id=\"d866f5f\" data-element_type=\"column\">\n\t\t\t<div class=\"elementor-widget-wrap elementor-element-populated\">\n\t\t\t\t\t\t<div class=\"elementor-element elementor-element-c74116a elementor-widget elementor-widget-image\" data-id=\"c74116a\" data-element_type=\"widget\" data-widget_type=\"image.default\">\n\t\t\t\t<div class=\"elementor-widget-container\">\n\t\t\t\t\t\t\t\t\t\t\t\t\t\t\t<img fetchpriority=\"high\" decoding=\"async\" width=\"532\" height=\"95\" src=\"https:\/\/osk-ar.pl\/wp-content\/uploads\/2020\/03\/baner_oferta.jpg\" class=\"attachment-large size-large wp-image-159\" alt=\"\" srcset=\"https:\/\/osk-ar.pl\/wp-content\/uploads\/2020\/03\/baner_oferta.jpg 532w, https:\/\/osk-ar.pl\/wp-content\/uploads\/2020\/03\/baner_oferta-300x54.jpg 300w\" sizes=\"(max-width: 532px) 100vw, 532px\" \/>\t\t\t\t\t\t\t\t\t\t\t\t\t\t\t<\/div>\n\t\t\t\t<\/div>\n\t\t\t\t<div class=\"elementor-element elementor-element-ed07eaa elementor-widget elementor-widget-spacer\" data-id=\"ed07eaa\" data-element_type=\"widget\" data-widget_type=\"spacer.default\">\n\t\t\t\t<div class=\"elementor-widget-container\">\n\t\t\t\t\t\t\t<div class=\"elementor-spacer\">\n\t\t\t<div class=\"elementor-spacer-inner\"><\/div>\n\t\t<\/div>\n\t\t\t\t\t\t<\/div>\n\t\t\t\t<\/div>\n\t\t\t\t<div class=\"elementor-element elementor-element-cd2e711 elementor-widget elementor-widget-text-editor\" data-id=\"cd2e711\" data-element_type=\"widget\" data-widget_type=\"text-editor.default\">\n\t\t\t\t<div class=\"elementor-widget-container\">\n\t\t\t\t\t\t\t\t\t<p><strong>Oferta:<\/strong><\/p><p><strong><em> KURS STANDARD<\/em> <\/strong>dla wszystkich, kt\u00f3rzy chc\u0105 uzyska\u0107 uprawnienia do poruszania si\u0119 pojazdami w zakresie kat. &#8221;B'&#8221; prawo jazdy.<\/p><p><strong><em>KURS EKSPRES\u00a0\u00a0<\/em><\/strong>dla kursant\u00f3w kt\u00f3rzy chc\u0105 zrobi\u0107 prawo jazdy w terminie 14 dni.<\/p><p>Dok\u0142adamy wszelkich stara\u0144, by po zako\u0144czonym szkoleniu ka\u017cdy kursant uzyska\u0142 upragnione prawo jazdy.<\/p><p>Kurs na prawo jazdy kat. &#8222;B&#8221; mo\u017ce rozpocz\u0105\u0107 osoba, kt\u00f3ra uko\u0144czy\u0142a 17 lat i 9 miesi\u0119cy.<\/p><p>W przypadku osoby niepe\u0142noletniej wymagana jest zgoda rodzic\u00f3w lub opiekun\u00f3w.<\/p><p>Prowadzimy jazdy doszkalaj\u0105ce dla os\u00f3b posiadaj\u0105cych prawo jazdy, kt\u00f3re mia\u0142y d\u0142ug\u0105 przerw\u0119 w prowadzeniu pojazd\u00f3w lub maj\u0105 problemy z zaliczeniem egzaminu pa\u0144stwowego.<\/p><p>Wiemy, jak bardzo chcesz je\u017adzi\u0107 i jednocze\u015bnie zdajemy sobie spraw\u0119 z tego, jak bardzo stresuj\u0105ce s\u0105 dla Ciebie pierwsze kroki za kierownic\u0105.<\/p><p>Oferuj\u0119 metod\u0119 nauczania, kt\u00f3ra przynosi ogromne rezultaty ju\u017c po pierwszych godzinach zaj\u0119\u0107. Program szkolenia jest oparty na prze\u015bwiadczeniu, \u017ce ka\u017cdy potrafi nauczy\u0107 si\u0119 je\u017adzi\u0107 i zda\u0107 egzamin, pod warunkiem, \u017ce ma odpowiednio stworzone do tego warunki. Psychika ka\u017cdego cz\u0142owieka &#8211; kierowcy jest ca\u0142kowicie r\u00f3\u017cnie skonstruowana, dlatego takie elementy jak: cechy temperamentu, cechy osobowo\u015bci, czas reakcji, stopie\u0144 rozwini\u0119cia koordynacji ruchowej, stopie\u0144 orientacji w terenie, s\u0105 indywidualnie oceniane, analizowane i zapisywane przez instruktora, po to, aby prawid\u0142owo zaplanowa\u0107 kolejne godziny szkolenia i po\u0142o\u017cy\u0107 maksymalny nacisk na ich rozw\u00f3j.<\/p><p>Nauczysz si\u0119 je\u017adzi\u0107 nie tylko po terenie gminy Rogo\u017ano i w mie\u015bcie Pozna\u0144, a co najwa\u017cnejsze &#8211; nauczysz si\u0119 zasad i przepis\u00f3w dzi\u0119ki kt\u00f3rym bezpiecznie b\u0119dziesz si\u0119 porusza\u0107 po wszystkich drogach. Poznasz wszystkie trasy egzaminacyjne i na koniec przekonasz si\u0119, \u017ce skrzy\u017cowania \u201eza k\u00f3\u0142kiem\u201d nie b\u0119d\u0105 mia\u0142y dla Ciebie \u017cadnych tajemnic;)<\/p>\t\t\t\t\t\t\t\t<\/div>\n\t\t\t\t<\/div>\n\t\t\t\t<div class=\"elementor-element elementor-element-c8c7abf elementor-widget elementor-widget-text-editor\" data-id=\"c8c7abf\" data-element_type=\"widget\" data-widget_type=\"text-editor.default\">\n\t\t\t\t<div class=\"elementor-widget-container\">\n\t\t\t\t\t\t\t\t\t<p><strong>Serdecznie zapraszam na bezstresowe szkolenie oraz rzeteln\u0105 ocen\u0119 nabytych umiej\u0119tno\u015bci. \ud83d\ude09<\/strong><\/p>\t\t\t\t\t\t\t\t<\/div>\n\t\t\t\t<\/div>\n\t\t\t\t\t<\/div>\n\t\t<\/div>\n\t\t\t\t<div class=\"elementor-column elementor-col-25 elementor-top-column elementor-element elementor-element-63607e8\" data-id=\"63607e8\" data-element_type=\"column\">\n\t\t\t<div class=\"elementor-widget-wrap elementor-element-populated\">\n\t\t\t\t\t\t<div class=\"elementor-element elementor-element-9feccd3 elementor-widget elementor-widget-image\" data-id=\"9feccd3\" data-element_type=\"widget\" data-widget_type=\"image.default\">\n\t\t\t\t<div class=\"elementor-widget-container\">\n\t\t\t\t\t\t\t\t\t\t\t\t\t\t\t<img decoding=\"async\" width=\"116\" height=\"116\" src=\"https:\/\/osk-ar.pl\/wp-content\/uploads\/2020\/03\/znak2.png\" class=\"attachment-full size-full wp-image-167\" alt=\"\" srcset=\"https:\/\/osk-ar.pl\/wp-content\/uploads\/2020\/03\/znak2.png 116w, https:\/\/osk-ar.pl\/wp-content\/uploads\/2020\/03\/znak2-100x100.png 100w\" sizes=\"(max-width: 116px) 100vw, 116px\" \/>\t\t\t\t\t\t\t\t\t\t\t\t\t\t\t<\/div>\n\t\t\t\t<\/div>\n\t\t\t\t<div class=\"elementor-element elementor-element-37710b7 elementor-widget elementor-widget-spacer\" data-id=\"37710b7\" data-element_type=\"widget\" data-widget_type=\"spacer.default\">\n\t\t\t\t<div class=\"elementor-widget-container\">\n\t\t\t\t\t\t\t<div class=\"elementor-spacer\">\n\t\t\t<div class=\"elementor-spacer-inner\"><\/div>\n\t\t<\/div>\n\t\t\t\t\t\t<\/div>\n\t\t\t\t<\/div>\n\t\t\t\t<div class=\"elementor-element elementor-element-38cf690 elementor-widget elementor-widget-image\" data-id=\"38cf690\" data-element_type=\"widget\" data-widget_type=\"image.default\">\n\t\t\t\t<div class=\"elementor-widget-container\">\n\t\t\t\t\t\t\t\t\t\t\t\t\t\t\t<img loading=\"lazy\" decoding=\"async\" width=\"116\" height=\"116\" src=\"https:\/\/osk-ar.pl\/wp-content\/uploads\/2020\/03\/znak3.png\" class=\"attachment-full size-full wp-image-168\" alt=\"\" srcset=\"https:\/\/osk-ar.pl\/wp-content\/uploads\/2020\/03\/znak3.png 116w, https:\/\/osk-ar.pl\/wp-content\/uploads\/2020\/03\/znak3-100x100.png 100w\" sizes=\"(max-width: 116px) 100vw, 116px\" \/>\t\t\t\t\t\t\t\t\t\t\t\t\t\t\t<\/div>\n\t\t\t\t<\/div>\n\t\t\t\t<div class=\"elementor-element elementor-element-b1f227e elementor-widget elementor-widget-spacer\" data-id=\"b1f227e\" data-element_type=\"widget\" data-widget_type=\"spacer.default\">\n\t\t\t\t<div class=\"elementor-widget-container\">\n\t\t\t\t\t\t\t<div class=\"elementor-spacer\">\n\t\t\t<div class=\"elementor-spacer-inner\"><\/div>\n\t\t<\/div>\n\t\t\t\t\t\t<\/div>\n\t\t\t\t<\/div>\n\t\t\t\t<div class=\"elementor-element elementor-element-0335e03 elementor-widget elementor-widget-image\" data-id=\"0335e03\" data-element_type=\"widget\" data-widget_type=\"image.default\">\n\t\t\t\t<div class=\"elementor-widget-container\">\n\t\t\t\t\t\t\t\t\t\t\t\t\t\t\t<img loading=\"lazy\" decoding=\"async\" width=\"116\" height=\"116\" src=\"https:\/\/osk-ar.pl\/wp-content\/uploads\/2020\/03\/znak4.png\" class=\"attachment-full size-full wp-image-170\" alt=\"\" srcset=\"https:\/\/osk-ar.pl\/wp-content\/uploads\/2020\/03\/znak4.png 116w, https:\/\/osk-ar.pl\/wp-content\/uploads\/2020\/03\/znak4-100x100.png 100w\" sizes=\"(max-width: 116px) 100vw, 116px\" \/>\t\t\t\t\t\t\t\t\t\t\t\t\t\t\t<\/div>\n\t\t\t\t<\/div>\n\t\t\t\t\t<\/div>\n\t\t<\/div>\n\t\t\t\t\t<\/div>\n\t\t<\/section>\n\t\t\t\t<\/div>\n\t\t","protected":false},"excerpt":{"rendered":"<p>ROZPOCZ\u0118CIE KURSU Tel 665001711 ul. Fabryczna 5 64 &#8211; 610 Rogo\u017ano Oferta: KURS STANDARD dla wszystkich, kt\u00f3rzy chc\u0105 uzyska\u0107 uprawnienia do poruszania si\u0119 pojazdami w zakresie kat. &#8221;B&#8217;&#8221; prawo jazdy. KURS EKSPRES\u00a0\u00a0dla kursant\u00f3w kt\u00f3rzy chc\u0105 zrobi\u0107 prawo jazdy w terminie 14 dni. Dok\u0142adamy wszelkich stara\u0144, by po zako\u0144czonym szkoleniu ka\u017cdy kursant uzyska\u0142 upragnione prawo jazdy. [&hellip;]<\/p>\n","protected":false},"author":1,"featured_media":0,"parent":0,"menu_order":0,"comment_status":"closed","ping_status":"closed","template":"","meta":{"ocean_post_layout":"","ocean_both_sidebars_style":"","ocean_both_sidebars_content_width":0,"ocean_both_sidebars_sidebars_width":0,"ocean_sidebar":"0","ocean_second_sidebar":"0","ocean_disable_margins":"enable","ocean_add_body_class":"","ocean_shortcode_before_top_bar":"","ocean_shortcode_after_top_bar":"","ocean_shortcode_before_header":"","ocean_shortcode_after_header":"","ocean_has_shortcode":"","ocean_shortcode_after_title":"","ocean_shortcode_before_footer_widgets":"","ocean_shortcode_after_footer_widgets":"","ocean_shortcode_before_footer_bottom":"","ocean_shortcode_after_footer_bottom":"","ocean_display_top_bar":"default","ocean_display_header":"default","ocean_header_style":"","ocean_center_header_left_menu":"0","ocean_custom_header_template":"0","ocean_custom_logo":0,"ocean_custom_retina_logo":0,"ocean_custom_logo_max_width":0,"ocean_custom_logo_tablet_max_width":0,"ocean_custom_logo_mobile_max_width":0,"ocean_custom_logo_max_height":0,"ocean_custom_logo_tablet_max_height":0,"ocean_custom_logo_mobile_max_height":0,"ocean_header_custom_menu":"0","ocean_menu_typo_font_family":"0","ocean_menu_typo_font_subset":"","ocean_menu_typo_font_size":0,"ocean_menu_typo_font_size_tablet":0,"ocean_menu_typo_font_size_mobile":0,"ocean_menu_typo_font_size_unit":"px","ocean_menu_typo_font_weight":"","ocean_menu_typo_font_weight_tablet":"","ocean_menu_typo_font_weight_mobile":"","ocean_menu_typo_transform":"","ocean_menu_typo_transform_tablet":"","ocean_menu_typo_transform_mobile":"","ocean_menu_typo_line_height":0,"ocean_menu_typo_line_height_tablet":0,"ocean_menu_typo_line_height_mobile":0,"ocean_menu_typo_line_height_unit":"","ocean_menu_typo_spacing":0,"ocean_menu_typo_spacing_tablet":0,"ocean_menu_typo_spacing_mobile":0,"ocean_menu_typo_spacing_unit":"","ocean_menu_link_color":"","ocean_menu_link_color_hover":"","ocean_menu_link_color_active":"","ocean_menu_link_background":"","ocean_menu_link_hover_background":"","ocean_menu_link_active_background":"","ocean_menu_social_links_bg":"","ocean_menu_social_hover_links_bg":"","ocean_menu_social_links_color":"","ocean_menu_social_hover_links_color":"","ocean_disable_title":"on","ocean_disable_heading":"default","ocean_post_title":"","ocean_post_subheading":"","ocean_post_title_style":"","ocean_post_title_background_color":"","ocean_post_title_background":0,"ocean_post_title_bg_image_position":"","ocean_post_title_bg_image_attachment":"","ocean_post_title_bg_image_repeat":"","ocean_post_title_bg_image_size":"","ocean_post_title_height":0,"ocean_post_title_bg_overlay":0.5,"ocean_post_title_bg_overlay_color":"","ocean_disable_breadcrumbs":"default","ocean_breadcrumbs_color":"","ocean_breadcrumbs_separator_color":"","ocean_breadcrumbs_links_color":"","ocean_breadcrumbs_links_hover_color":"","ocean_display_footer_widgets":"default","ocean_display_footer_bottom":"default","ocean_custom_footer_template":"0","footnotes":""},"class_list":["post-117","page","type-page","status-publish","hentry","entry"],"_links":{"self":[{"href":"https:\/\/osk-ar.pl\/index.php\/wp-json\/wp\/v2\/pages\/117","targetHints":{"allow":["GET"]}}],"collection":[{"href":"https:\/\/osk-ar.pl\/index.php\/wp-json\/wp\/v2\/pages"}],"about":[{"href":"https:\/\/osk-ar.pl\/index.php\/wp-json\/wp\/v2\/types\/page"}],"author":[{"embeddable":true,"href":"https:\/\/osk-ar.pl\/index.php\/wp-json\/wp\/v2\/users\/1"}],"replies":[{"embeddable":true,"href":"https:\/\/osk-ar.pl\/index.php\/wp-json\/wp\/v2\/comments?post=117"}],"version-history":[{"count":17,"href":"https:\/\/osk-ar.pl\/index.php\/wp-json\/wp\/v2\/pages\/117\/revisions"}],"predecessor-version":[{"id":244,"href":"https:\/\/osk-ar.pl\/index.php\/wp-json\/wp\/v2\/pages\/117\/revisions\/244"}],"wp:attachment":[{"href":"https:\/\/osk-ar.pl\/index.php\/wp-json\/wp\/v2\/media?parent=117"}],"curies":[{"name":"wp","href":"https:\/\/api.w.org\/{rel}","templated":true}]}}