{"id":119,"date":"2020-03-21T10:01:52","date_gmt":"2020-03-21T09:01:52","guid":{"rendered":"https:\/\/osk-ar.pl\/?page_id=119"},"modified":"2021-03-26T10:43:58","modified_gmt":"2021-03-26T09:43:58","slug":"zapisy-na-kurs","status":"publish","type":"page","link":"https:\/\/osk-ar.pl\/index.php\/zapisy-na-kurs\/","title":{"rendered":"Zapisy na kurs"},"content":{"rendered":"\t\t<div data-elementor-type=\"wp-page\" data-elementor-id=\"119\" class=\"elementor elementor-119\" data-elementor-post-type=\"page\">\n\t\t\t\t\t\t<section class=\"elementor-section elementor-top-section elementor-element elementor-element-5a7188f elementor-section-stretched elementor-section-boxed elementor-section-height-default elementor-section-height-default\" data-id=\"5a7188f\" data-element_type=\"section\" data-settings=\"{&quot;stretch_section&quot;:&quot;section-stretched&quot;}\">\n\t\t\t\t\t\t<div class=\"elementor-container elementor-column-gap-default\">\n\t\t\t\t\t<div class=\"elementor-column elementor-col-100 elementor-top-column elementor-element elementor-element-cd0d18e\" data-id=\"cd0d18e\" data-element_type=\"column\">\n\t\t\t<div class=\"elementor-widget-wrap elementor-element-populated\">\n\t\t\t\t\t\t<div class=\"elementor-element elementor-element-f4ca3e9 elementor-widget-divider--view-line elementor-widget elementor-widget-divider\" data-id=\"f4ca3e9\" data-element_type=\"widget\" data-widget_type=\"divider.default\">\n\t\t\t\t<div class=\"elementor-widget-container\">\n\t\t\t\t\t\t\t<div class=\"elementor-divider\">\n\t\t\t<span class=\"elementor-divider-separator\">\n\t\t\t\t\t\t<\/span>\n\t\t<\/div>\n\t\t\t\t\t\t<\/div>\n\t\t\t\t<\/div>\n\t\t\t\t\t<\/div>\n\t\t<\/div>\n\t\t\t\t\t<\/div>\n\t\t<\/section>\n\t\t\t\t<section class=\"elementor-section elementor-top-section elementor-element elementor-element-b234f42 elementor-section-stretched elementor-section-boxed elementor-section-height-default elementor-section-height-default\" data-id=\"b234f42\" data-element_type=\"section\" data-settings=\"{&quot;stretch_section&quot;:&quot;section-stretched&quot;}\">\n\t\t\t\t\t\t<div class=\"elementor-container elementor-column-gap-default\">\n\t\t\t\t\t<div class=\"elementor-column elementor-col-33 elementor-top-column elementor-element elementor-element-edb7e4c\" data-id=\"edb7e4c\" data-element_type=\"column\">\n\t\t\t<div class=\"elementor-widget-wrap elementor-element-populated\">\n\t\t\t\t\t\t<div class=\"elementor-element elementor-element-2acdebf elementor-widget elementor-widget-text-editor\" data-id=\"2acdebf\" data-element_type=\"widget\" data-widget_type=\"text-editor.default\">\n\t\t\t\t<div class=\"elementor-widget-container\">\n\t\t\t\t\t\t\t\t\t<h3><strong>TU ZNAJDZIESZ<\/strong><br \/><strong>WSKAZ\u00d3WKI <\/strong><br \/><strong>JAK<\/strong><br \/><strong>KROK PO KROKU ZAPISA\u0106 SI\u0118<\/strong><br \/><strong>NA<\/strong><br \/><strong>KURS NAUKI JAZDY<\/strong><\/h3>\t\t\t\t\t\t\t\t<\/div>\n\t\t\t\t<\/div>\n\t\t\t\t<div class=\"elementor-element elementor-element-411e01d elementor-widget elementor-widget-spacer\" data-id=\"411e01d\" data-element_type=\"widget\" data-widget_type=\"spacer.default\">\n\t\t\t\t<div class=\"elementor-widget-container\">\n\t\t\t\t\t\t\t<div class=\"elementor-spacer\">\n\t\t\t<div class=\"elementor-spacer-inner\"><\/div>\n\t\t<\/div>\n\t\t\t\t\t\t<\/div>\n\t\t\t\t<\/div>\n\t\t\t\t<div class=\"elementor-element elementor-element-039cb4b elementor-widget elementor-widget-image\" data-id=\"039cb4b\" data-element_type=\"widget\" data-widget_type=\"image.default\">\n\t\t\t\t<div class=\"elementor-widget-container\">\n\t\t\t\t\t\t\t\t\t\t\t\t\t\t\t<img decoding=\"async\" width=\"278\" height=\"140\" src=\"https:\/\/osk-ar.pl\/wp-content\/uploads\/2020\/03\/autko2.png\" class=\"attachment-large size-large wp-image-185\" alt=\"\" \/>\t\t\t\t\t\t\t\t\t\t\t\t\t\t\t<\/div>\n\t\t\t\t<\/div>\n\t\t\t\t\t<\/div>\n\t\t<\/div>\n\t\t\t\t<div class=\"elementor-column elementor-col-33 elementor-top-column elementor-element elementor-element-0f9ad02\" data-id=\"0f9ad02\" data-element_type=\"column\">\n\t\t\t<div class=\"elementor-widget-wrap elementor-element-populated\">\n\t\t\t\t\t\t<div class=\"elementor-element elementor-element-a96164b elementor-widget elementor-widget-image\" data-id=\"a96164b\" data-element_type=\"widget\" data-widget_type=\"image.default\">\n\t\t\t\t<div class=\"elementor-widget-container\">\n\t\t\t\t\t\t\t\t\t\t\t\t\t\t\t<img fetchpriority=\"high\" decoding=\"async\" width=\"532\" height=\"95\" src=\"https:\/\/osk-ar.pl\/wp-content\/uploads\/2020\/03\/baner_oferta.jpg\" class=\"attachment-large size-large wp-image-159\" alt=\"\" srcset=\"https:\/\/osk-ar.pl\/wp-content\/uploads\/2020\/03\/baner_oferta.jpg 532w, https:\/\/osk-ar.pl\/wp-content\/uploads\/2020\/03\/baner_oferta-300x54.jpg 300w\" sizes=\"(max-width: 532px) 100vw, 532px\" \/>\t\t\t\t\t\t\t\t\t\t\t\t\t\t\t<\/div>\n\t\t\t\t<\/div>\n\t\t\t\t<div class=\"elementor-element elementor-element-a215cf4 elementor-widget elementor-widget-spacer\" data-id=\"a215cf4\" data-element_type=\"widget\" data-widget_type=\"spacer.default\">\n\t\t\t\t<div class=\"elementor-widget-container\">\n\t\t\t\t\t\t\t<div class=\"elementor-spacer\">\n\t\t\t<div class=\"elementor-spacer-inner\"><\/div>\n\t\t<\/div>\n\t\t\t\t\t\t<\/div>\n\t\t\t\t<\/div>\n\t\t\t\t<div class=\"elementor-element elementor-element-6e2c42c elementor-widget elementor-widget-text-editor\" data-id=\"6e2c42c\" data-element_type=\"widget\" data-widget_type=\"text-editor.default\">\n\t\t\t\t<div class=\"elementor-widget-container\">\n\t\t\t\t\t\t\t\t\t<p>Przed rozpocz\u0119ciem kursu nale\u017cy uda\u0107 si\u0119 do lekarza uprawnionego do bada\u0144 kandydat\u00f3w na kierowc\u00f3w w celu uzyskania orzeczenia o braku przeciwwskaza\u0144 zdrowotnych do kierowania pojazdem.<\/p><p>Z wa\u017cnym badaniem, oraz kolorow\u0105 fotografi\u0105 nale\u017cy uda\u0107 si\u0119 do w\u0142a\u015bciwego dla miejsca zamieszkania wydzia\u0142u komunikacji, wype\u0142ni\u0107 wniosek o wydanie prawa jazdy i odebra\u0107 numer PKK (profil kandydata na kierowc\u0119).<\/p><p>Wydzia\u0142 komunikacji w\u0142a\u015bciwy dla mieszka\u0144c\u00f3w gminy Rogo\u017ano znajduje si\u0119 pod adresem:<\/p>\t\t\t\t\t\t\t\t<\/div>\n\t\t\t\t<\/div>\n\t\t\t\t<div class=\"elementor-element elementor-element-ee79ea8 elementor-widget elementor-widget-text-editor\" data-id=\"ee79ea8\" data-element_type=\"widget\" data-widget_type=\"text-editor.default\">\n\t\t\t\t<div class=\"elementor-widget-container\">\n\t\t\t\t\t\t\t\t\t<p><strong>STAROSTWO POWIATOWE<\/strong><br \/><strong>ul. 11 LISTOPADA 2 A<\/strong><br \/><strong>64-600 OBORNIKI<\/strong><\/p><p>Je\u017celi nie masz 18 lat zabierasz ze sob\u0105 zgod\u0119 od rodzic\u00f3w lub opiekun\u00f3w prawnych.\u00a0 Zgod\u0119 mo\u017cna pobra\u0107 likaj\u0105 c link http:\/\/www.word.poznan.pl\/egzaminy\/dokumenty-do-pobrania\/<\/p><p><strong>PAMI\u0118TAJ TO BARDZO WA\u017bNE!!<\/strong><\/p><p>NUMER <strong>PKK<\/strong> NALE\u017bY DOSTARCZY\u0106 PRZED ROZPOCZ\u0118CIEM KURSU, LUB NAJP\u00d3\u017bNIEJ W DNIU ROZPOCZ\u0118CIA ZAJ\u0118\u0106!!<\/p><p>Z numerem <strong>PKK<\/strong> udajesz si\u0119 do Nas w celu zapisania si\u0119 na kurs. \ud83d\ude42<\/p><p>Po zako\u0144czonym kursie pomo\u017cemy Ci zapisa\u0107 si\u0119 na egzamin pa\u0144stwowy w:<\/p><p><strong>WORD Pozna\u0144<\/strong><br \/><strong>ul. Wilczak 53<\/strong><br \/><strong>tel. 61 829 01 80<\/strong><\/p>\t\t\t\t\t\t\t\t<\/div>\n\t\t\t\t<\/div>\n\t\t\t\t\t<\/div>\n\t\t<\/div>\n\t\t\t\t<div class=\"elementor-column elementor-col-33 elementor-top-column elementor-element elementor-element-82b6ba3\" data-id=\"82b6ba3\" data-element_type=\"column\">\n\t\t\t<div class=\"elementor-widget-wrap\">\n\t\t\t\t\t\t\t<\/div>\n\t\t<\/div>\n\t\t\t\t\t<\/div>\n\t\t<\/section>\n\t\t\t\t<\/div>\n\t\t","protected":false},"excerpt":{"rendered":"<p>TU ZNAJDZIESZ WSKAZ\u00d3WKI JAK KROK PO KROKU ZAPISA\u0106 SI\u0118 NA KURS NAUKI JAZDY Przed rozpocz\u0119ciem kursu nale\u017cy uda\u0107 si\u0119 do lekarza uprawnionego do bada\u0144 kandydat\u00f3w na kierowc\u00f3w w celu uzyskania orzeczenia o braku przeciwwskaza\u0144 zdrowotnych do kierowania pojazdem. Z wa\u017cnym badaniem, oraz kolorow\u0105 fotografi\u0105 nale\u017cy uda\u0107 si\u0119 do w\u0142a\u015bciwego dla miejsca zamieszkania wydzia\u0142u komunikacji, wype\u0142ni\u0107 [&hellip;]<\/p>\n","protected":false},"author":1,"featured_media":0,"parent":0,"menu_order":0,"comment_status":"closed","ping_status":"closed","template":"","meta":{"ocean_post_layout":"","ocean_both_sidebars_style":"","ocean_both_sidebars_content_width":0,"ocean_both_sidebars_sidebars_width":0,"ocean_sidebar":"0","ocean_second_sidebar":"0","ocean_disable_margins":"enable","ocean_add_body_class":"","ocean_shortcode_before_top_bar":"","ocean_shortcode_after_top_bar":"","ocean_shortcode_before_header":"","ocean_shortcode_after_header":"","ocean_has_shortcode":"","ocean_shortcode_after_title":"","ocean_shortcode_before_footer_widgets":"","ocean_shortcode_after_footer_widgets":"","ocean_shortcode_before_footer_bottom":"","ocean_shortcode_after_footer_bottom":"","ocean_display_top_bar":"default","ocean_display_header":"default","ocean_header_style":"","ocean_center_header_left_menu":"0","ocean_custom_header_template":"0","ocean_custom_logo":0,"ocean_custom_retina_logo":0,"ocean_custom_logo_max_width":0,"ocean_custom_logo_tablet_max_width":0,"ocean_custom_logo_mobile_max_width":0,"ocean_custom_logo_max_height":0,"ocean_custom_logo_tablet_max_height":0,"ocean_custom_logo_mobile_max_height":0,"ocean_header_custom_menu":"0","ocean_menu_typo_font_family":"0","ocean_menu_typo_font_subset":"","ocean_menu_typo_font_size":0,"ocean_menu_typo_font_size_tablet":0,"ocean_menu_typo_font_size_mobile":0,"ocean_menu_typo_font_size_unit":"px","ocean_menu_typo_font_weight":"","ocean_menu_typo_font_weight_tablet":"","ocean_menu_typo_font_weight_mobile":"","ocean_menu_typo_transform":"","ocean_menu_typo_transform_tablet":"","ocean_menu_typo_transform_mobile":"","ocean_menu_typo_line_height":0,"ocean_menu_typo_line_height_tablet":0,"ocean_menu_typo_line_height_mobile":0,"ocean_menu_typo_line_height_unit":"","ocean_menu_typo_spacing":0,"ocean_menu_typo_spacing_tablet":0,"ocean_menu_typo_spacing_mobile":0,"ocean_menu_typo_spacing_unit":"","ocean_menu_link_color":"","ocean_menu_link_color_hover":"","ocean_menu_link_color_active":"","ocean_menu_link_background":"","ocean_menu_link_hover_background":"","ocean_menu_link_active_background":"","ocean_menu_social_links_bg":"","ocean_menu_social_hover_links_bg":"","ocean_menu_social_links_color":"","ocean_menu_social_hover_links_color":"","ocean_disable_title":"on","ocean_disable_heading":"default","ocean_post_title":"","ocean_post_subheading":"","ocean_post_title_style":"","ocean_post_title_background_color":"","ocean_post_title_background":0,"ocean_post_title_bg_image_position":"","ocean_post_title_bg_image_attachment":"","ocean_post_title_bg_image_repeat":"","ocean_post_title_bg_image_size":"","ocean_post_title_height":0,"ocean_post_title_bg_overlay":0.5,"ocean_post_title_bg_overlay_color":"","ocean_disable_breadcrumbs":"default","ocean_breadcrumbs_color":"","ocean_breadcrumbs_separator_color":"","ocean_breadcrumbs_links_color":"","ocean_breadcrumbs_links_hover_color":"","ocean_display_footer_widgets":"default","ocean_display_footer_bottom":"default","ocean_custom_footer_template":"0","footnotes":""},"class_list":["post-119","page","type-page","status-publish","hentry","entry"],"_links":{"self":[{"href":"https:\/\/osk-ar.pl\/index.php\/wp-json\/wp\/v2\/pages\/119","targetHints":{"allow":["GET"]}}],"collection":[{"href":"https:\/\/osk-ar.pl\/index.php\/wp-json\/wp\/v2\/pages"}],"about":[{"href":"https:\/\/osk-ar.pl\/index.php\/wp-json\/wp\/v2\/types\/page"}],"author":[{"embeddable":true,"href":"https:\/\/osk-ar.pl\/index.php\/wp-json\/wp\/v2\/users\/1"}],"replies":[{"embeddable":true,"href":"https:\/\/osk-ar.pl\/index.php\/wp-json\/wp\/v2\/comments?post=119"}],"version-history":[{"count":5,"href":"https:\/\/osk-ar.pl\/index.php\/wp-json\/wp\/v2\/pages\/119\/revisions"}],"predecessor-version":[{"id":246,"href":"https:\/\/osk-ar.pl\/index.php\/wp-json\/wp\/v2\/pages\/119\/revisions\/246"}],"wp:attachment":[{"href":"https:\/\/osk-ar.pl\/index.php\/wp-json\/wp\/v2\/media?parent=119"}],"curies":[{"name":"wp","href":"https:\/\/api.w.org\/{rel}","templated":true}]}}