{"id":121,"date":"2020-03-21T10:02:00","date_gmt":"2020-03-21T09:02:00","guid":{"rendered":"https:\/\/osk-ar.pl\/?page_id=121"},"modified":"2021-03-26T10:44:24","modified_gmt":"2021-03-26T09:44:24","slug":"szkolenie","status":"publish","type":"page","link":"https:\/\/osk-ar.pl\/index.php\/szkolenie\/","title":{"rendered":"Szkolenie"},"content":{"rendered":"\t\t<div data-elementor-type=\"wp-page\" data-elementor-id=\"121\" class=\"elementor elementor-121\" data-elementor-post-type=\"page\">\n\t\t\t\t\t\t<section class=\"elementor-section elementor-top-section elementor-element elementor-element-5fdcba6 elementor-section-stretched elementor-section-full_width elementor-section-height-default elementor-section-height-default\" data-id=\"5fdcba6\" data-element_type=\"section\" data-settings=\"{&quot;stretch_section&quot;:&quot;section-stretched&quot;}\">\n\t\t\t\t\t\t<div class=\"elementor-container elementor-column-gap-default\">\n\t\t\t\t\t<div class=\"elementor-column elementor-col-100 elementor-top-column elementor-element elementor-element-1824958\" data-id=\"1824958\" data-element_type=\"column\">\n\t\t\t<div class=\"elementor-widget-wrap elementor-element-populated\">\n\t\t\t\t\t\t<div class=\"elementor-element elementor-element-d4fd686 elementor-widget-divider--view-line elementor-widget elementor-widget-divider\" data-id=\"d4fd686\" data-element_type=\"widget\" data-widget_type=\"divider.default\">\n\t\t\t\t<div class=\"elementor-widget-container\">\n\t\t\t\t\t\t\t<div class=\"elementor-divider\">\n\t\t\t<span class=\"elementor-divider-separator\">\n\t\t\t\t\t\t<\/span>\n\t\t<\/div>\n\t\t\t\t\t\t<\/div>\n\t\t\t\t<\/div>\n\t\t\t\t\t<\/div>\n\t\t<\/div>\n\t\t\t\t\t<\/div>\n\t\t<\/section>\n\t\t\t\t<section class=\"elementor-section elementor-top-section elementor-element elementor-element-f022f83 elementor-section-stretched elementor-section-boxed elementor-section-height-default elementor-section-height-default\" data-id=\"f022f83\" data-element_type=\"section\" data-settings=\"{&quot;stretch_section&quot;:&quot;section-stretched&quot;}\">\n\t\t\t\t\t\t<div class=\"elementor-container elementor-column-gap-default\">\n\t\t\t\t\t<div class=\"elementor-column elementor-col-25 elementor-top-column elementor-element elementor-element-cb3012d\" data-id=\"cb3012d\" data-element_type=\"column\">\n\t\t\t<div class=\"elementor-widget-wrap elementor-element-populated\">\n\t\t\t\t\t\t<div class=\"elementor-element elementor-element-f7def32 elementor-widget elementor-widget-text-editor\" data-id=\"f7def32\" data-element_type=\"widget\" data-widget_type=\"text-editor.default\">\n\t\t\t\t<div class=\"elementor-widget-container\">\n\t\t\t\t\t\t\t\t\t<h3><strong>ZOBACZ<\/strong><br \/><strong>CO CI\u0118 CZEKA<\/strong><br \/><strong>ORAZ<\/strong><br \/><strong>JAK B\u0118DZIE<\/strong><br \/><strong>WYGLDA\u0141O TWOJE SZKOLENIE<\/strong><\/h3>\t\t\t\t\t\t\t\t<\/div>\n\t\t\t\t<\/div>\n\t\t\t\t<div class=\"elementor-element elementor-element-8800a0b elementor-widget elementor-widget-image\" data-id=\"8800a0b\" data-element_type=\"widget\" data-widget_type=\"image.default\">\n\t\t\t\t<div class=\"elementor-widget-container\">\n\t\t\t\t\t\t\t\t\t\t\t\t\t\t\t<img decoding=\"async\" width=\"207\" height=\"147\" src=\"https:\/\/osk-ar.pl\/wp-content\/uploads\/2020\/03\/autko3.jpg\" class=\"attachment-large size-large wp-image-189\" alt=\"\" \/>\t\t\t\t\t\t\t\t\t\t\t\t\t\t\t<\/div>\n\t\t\t\t<\/div>\n\t\t\t\t<div class=\"elementor-element elementor-element-f83a4b2 elementor-widget elementor-widget-spacer\" data-id=\"f83a4b2\" data-element_type=\"widget\" data-widget_type=\"spacer.default\">\n\t\t\t\t<div class=\"elementor-widget-container\">\n\t\t\t\t\t\t\t<div class=\"elementor-spacer\">\n\t\t\t<div class=\"elementor-spacer-inner\"><\/div>\n\t\t<\/div>\n\t\t\t\t\t\t<\/div>\n\t\t\t\t<\/div>\n\t\t\t\t\t<\/div>\n\t\t<\/div>\n\t\t\t\t<div class=\"elementor-column elementor-col-50 elementor-top-column elementor-element elementor-element-fba0026\" data-id=\"fba0026\" data-element_type=\"column\">\n\t\t\t<div class=\"elementor-widget-wrap elementor-element-populated\">\n\t\t\t\t\t\t<div class=\"elementor-element elementor-element-5004a55 elementor-widget elementor-widget-image\" data-id=\"5004a55\" data-element_type=\"widget\" data-widget_type=\"image.default\">\n\t\t\t\t<div class=\"elementor-widget-container\">\n\t\t\t\t\t\t\t\t\t\t\t\t\t\t\t<img decoding=\"async\" width=\"587\" height=\"60\" src=\"https:\/\/osk-ar.pl\/wp-content\/uploads\/2020\/03\/szkolenie.jpg\" class=\"attachment-large size-large wp-image-190\" alt=\"\" srcset=\"https:\/\/osk-ar.pl\/wp-content\/uploads\/2020\/03\/szkolenie.jpg 587w, https:\/\/osk-ar.pl\/wp-content\/uploads\/2020\/03\/szkolenie-300x31.jpg 300w\" sizes=\"(max-width: 587px) 100vw, 587px\" \/>\t\t\t\t\t\t\t\t\t\t\t\t\t\t\t<\/div>\n\t\t\t\t<\/div>\n\t\t\t\t<div class=\"elementor-element elementor-element-640716d elementor-widget elementor-widget-spacer\" data-id=\"640716d\" data-element_type=\"widget\" data-widget_type=\"spacer.default\">\n\t\t\t\t<div class=\"elementor-widget-container\">\n\t\t\t\t\t\t\t<div class=\"elementor-spacer\">\n\t\t\t<div class=\"elementor-spacer-inner\"><\/div>\n\t\t<\/div>\n\t\t\t\t\t\t<\/div>\n\t\t\t\t<\/div>\n\t\t\t\t<div class=\"elementor-element elementor-element-ce8bf88 elementor-widget elementor-widget-text-editor\" data-id=\"ce8bf88\" data-element_type=\"widget\" data-widget_type=\"text-editor.default\">\n\t\t\t\t<div class=\"elementor-widget-container\">\n\t\t\t\t\t\t\t\t\t<h3><strong>E-LEARNING<\/strong><\/h3>\t\t\t\t\t\t\t\t<\/div>\n\t\t\t\t<\/div>\n\t\t\t\t<div class=\"elementor-element elementor-element-e085909 elementor-widget elementor-widget-text-editor\" data-id=\"e085909\" data-element_type=\"widget\" data-widget_type=\"text-editor.default\">\n\t\t\t\t<div class=\"elementor-widget-container\">\n\t\t\t\t\t\t\t\t\t<p>Zgodnie z zapisami Ustawy o kieruj\u0105cych pojazdami, metoda e-learningowa zosta\u0142a dopuszczona jako forma organizacji zaj\u0119\u0107 teoretycznych na kurach nauki jazdy.<\/p>\t\t\t\t\t\t\t\t<\/div>\n\t\t\t\t<\/div>\n\t\t\t\t<div class=\"elementor-element elementor-element-8cb8b0a elementor-widget elementor-widget-text-editor\" data-id=\"8cb8b0a\" data-element_type=\"widget\" data-widget_type=\"text-editor.default\">\n\t\t\t\t<div class=\"elementor-widget-container\">\n\t\t\t\t\t\t\t\t\t<h3><strong>Czym jest e-learning?<\/strong><\/h3>\t\t\t\t\t\t\t\t<\/div>\n\t\t\t\t<\/div>\n\t\t\t\t<div class=\"elementor-element elementor-element-5bbc211 elementor-widget elementor-widget-text-editor\" data-id=\"5bbc211\" data-element_type=\"widget\" data-widget_type=\"text-editor.default\">\n\t\t\t\t<div class=\"elementor-widget-container\">\n\t\t\t\t\t\t\t\t\t<p>Jest to technika szkolenia wykorzystuj\u0105ca wszelkie dost\u0119pne media elektroniczne, w tym Internet, intranet, extranet, przekazy satelitarne, ta\u015bmy audio\/wideo, telewizj\u0119 interaktywn\u0105 oraz CD-ROMy. E-learning jest najcz\u0119\u015bciej kojarzony z nauczaniem, w kt\u00f3rym stron\u0105 przekazuj\u0105c\u0105 wiedz\u0119 i egzaminuj\u0105c\u0105 jest komputer, dletego przyj\u0119\u0142o nazywa\u0107 si\u0119 t\u0119 form\u0119 nauki &#8222;distance learning&#8221; (uczenie na odleg\u0142o\u015b\u0107), w kt\u00f3rym brak fizycznego kontaktu z nauczycielem. Sedno wy\u017cszo\u015bci elearningu nad innymi metodami polega na przeniesieniu \u015brodka ci\u0119\u017cko\u015bci w nauczaniu z nauczyciela &#8211; na ucz\u0105cego si\u0119 pracownika.<br \/>Ponadto e-learning umo\u017cliwia nam samodzielne wybranie preferowanego formatu dostarczania wiedzy i tempa jej przekazywania. Czy e-learning jest uwa\u017cany za lepsz\u0105 technik\u0119 uczenia od standardowych wyk\u0142ad\u00f3w? Ostatni rok pokazuje, \u017ce wiele firm, instytucji oraz szk\u00f3\u0142 coraz cz\u0119\u015bciej wprowadza kszta\u0142cenie oparte na technologiach webowych. Nie jest to przypadek, ale \u015bwiadomo\u015b\u0107 wi\u0119kszych mo\u017cliwo\u015bci, jakie daje kszta\u0142cenie online.<\/p>\t\t\t\t\t\t\t\t<\/div>\n\t\t\t\t<\/div>\n\t\t\t\t<section class=\"elementor-section elementor-inner-section elementor-element elementor-element-abeebf6 elementor-section-boxed elementor-section-height-default elementor-section-height-default\" data-id=\"abeebf6\" data-element_type=\"section\">\n\t\t\t\t\t\t<div class=\"elementor-container elementor-column-gap-default\">\n\t\t\t\t\t<div class=\"elementor-column elementor-col-50 elementor-inner-column elementor-element elementor-element-4f4994c\" data-id=\"4f4994c\" data-element_type=\"column\">\n\t\t\t<div class=\"elementor-widget-wrap elementor-element-populated\">\n\t\t\t\t\t\t<div class=\"elementor-element elementor-element-4663c60 elementor-widget elementor-widget-text-editor\" data-id=\"4663c60\" data-element_type=\"widget\" data-widget_type=\"text-editor.default\">\n\t\t\t\t<div class=\"elementor-widget-container\">\n\t\t\t\t\t\t\t\t\t<h3><strong><br>ZAJ\u0118CIA TEORETYCZNE<\/strong><\/h3>\t\t\t\t\t\t\t\t<\/div>\n\t\t\t\t<\/div>\n\t\t\t\t\t<\/div>\n\t\t<\/div>\n\t\t\t\t<div class=\"elementor-column elementor-col-50 elementor-inner-column elementor-element elementor-element-eb5cf30\" data-id=\"eb5cf30\" data-element_type=\"column\">\n\t\t\t<div class=\"elementor-widget-wrap elementor-element-populated\">\n\t\t\t\t\t\t<div class=\"elementor-element elementor-element-3ccfa84 elementor-widget elementor-widget-image\" data-id=\"3ccfa84\" data-element_type=\"widget\" data-widget_type=\"image.default\">\n\t\t\t\t<div class=\"elementor-widget-container\">\n\t\t\t\t\t\t\t\t\t\t\t\t\t\t\t<img decoding=\"async\" width=\"116\" height=\"116\" src=\"https:\/\/osk-ar.pl\/wp-content\/uploads\/2020\/03\/book.png\" class=\"attachment-large size-large wp-image-191\" alt=\"\" srcset=\"https:\/\/osk-ar.pl\/wp-content\/uploads\/2020\/03\/book.png 116w, https:\/\/osk-ar.pl\/wp-content\/uploads\/2020\/03\/book-100x100.png 100w\" sizes=\"(max-width: 116px) 100vw, 116px\" \/>\t\t\t\t\t\t\t\t\t\t\t\t\t\t\t<\/div>\n\t\t\t\t<\/div>\n\t\t\t\t\t<\/div>\n\t\t<\/div>\n\t\t\t\t\t<\/div>\n\t\t<\/section>\n\t\t\t\t<div class=\"elementor-element elementor-element-515027e elementor-widget elementor-widget-text-editor\" data-id=\"515027e\" data-element_type=\"widget\" data-widget_type=\"text-editor.default\">\n\t\t\t\t<div class=\"elementor-widget-container\">\n\t\t\t\t\t\t\t\t\t<p><br><\/p><p>Cz\u0119\u015b\u0107 teoretyczna przeprowadzana jest w formie wyk\u0142ad\u00f3w i \u0107wicze\u0144 w zakresie podstaw kierowania pojazdem i uczestnictwa w ruchu drogowym, obowi\u0105zk\u00f3w i praw kieruj\u0105cego pojazdem oraz nauk\u0119 udzielania pierwszej pomocy przeprowadzon\u0105 w formie wyk\u0142ad\u00f3w i zaj\u0119\u0107 praktycznych. Zaj\u0119cia teoretyczne s\u0105 to wyk\u0142ady. Kursanci siedz\u0105 w sali, s\u0142uchaj\u0105c wskaz\u00f3wek prowadz\u0105cego. W ich trakcie otrzymuj\u0105 tak\u017ce materia\u0142y, pozwalaj\u0105ce jak najlepiej przygotowa\u0107 si\u0119 do test\u00f3w na prawo jazdy. Kurs ko\u0144czy si\u0119 egzaminem wewn\u0119trznym. Szkolenie teoretyczne obejmuje co najmniej 30 godzin lekcyjnych. S\u0105 to godziny lekcyjne, czyli jedna godzina to 45 minut.<\/p>\t\t\t\t\t\t\t\t<\/div>\n\t\t\t\t<\/div>\n\t\t\t\t\t<\/div>\n\t\t<\/div>\n\t\t\t\t<div class=\"elementor-column elementor-col-25 elementor-top-column elementor-element elementor-element-c7a68a5\" data-id=\"c7a68a5\" data-element_type=\"column\">\n\t\t\t<div class=\"elementor-widget-wrap elementor-element-populated\">\n\t\t\t\t\t\t<div class=\"elementor-element elementor-element-03018e3 elementor-widget elementor-widget-image\" data-id=\"03018e3\" data-element_type=\"widget\" data-widget_type=\"image.default\">\n\t\t\t\t<div class=\"elementor-widget-container\">\n\t\t\t\t\t\t\t\t\t\t\t\t\t\t\t<img loading=\"lazy\" decoding=\"async\" width=\"225\" height=\"225\" src=\"https:\/\/osk-ar.pl\/wp-content\/uploads\/2020\/03\/baby.jpg\" class=\"attachment-large size-large wp-image-193\" alt=\"\" srcset=\"https:\/\/osk-ar.pl\/wp-content\/uploads\/2020\/03\/baby.jpg 225w, https:\/\/osk-ar.pl\/wp-content\/uploads\/2020\/03\/baby-150x150.jpg 150w, https:\/\/osk-ar.pl\/wp-content\/uploads\/2020\/03\/baby-100x100.jpg 100w\" sizes=\"(max-width: 225px) 100vw, 225px\" \/>\t\t\t\t\t\t\t\t\t\t\t\t\t\t\t<\/div>\n\t\t\t\t<\/div>\n\t\t\t\t\t<\/div>\n\t\t<\/div>\n\t\t\t\t\t<\/div>\n\t\t<\/section>\n\t\t\t\t<\/div>\n\t\t","protected":false},"excerpt":{"rendered":"<p>ZOBACZ CO CI\u0118 CZEKA ORAZ JAK B\u0118DZIE WYGLDA\u0141O TWOJE SZKOLENIE E-LEARNING Zgodnie z zapisami Ustawy o kieruj\u0105cych pojazdami, metoda e-learningowa zosta\u0142a dopuszczona jako forma organizacji zaj\u0119\u0107 teoretycznych na kurach nauki jazdy. Czym jest e-learning? Jest to technika szkolenia wykorzystuj\u0105ca wszelkie dost\u0119pne media elektroniczne, w tym Internet, intranet, extranet, przekazy satelitarne, ta\u015bmy audio\/wideo, telewizj\u0119 interaktywn\u0105 oraz [&hellip;]<\/p>\n","protected":false},"author":1,"featured_media":0,"parent":0,"menu_order":0,"comment_status":"closed","ping_status":"closed","template":"","meta":{"ocean_post_layout":"","ocean_both_sidebars_style":"","ocean_both_sidebars_content_width":0,"ocean_both_sidebars_sidebars_width":0,"ocean_sidebar":"0","ocean_second_sidebar":"0","ocean_disable_margins":"enable","ocean_add_body_class":"","ocean_shortcode_before_top_bar":"","ocean_shortcode_after_top_bar":"","ocean_shortcode_before_header":"","ocean_shortcode_after_header":"","ocean_has_shortcode":"","ocean_shortcode_after_title":"","ocean_shortcode_before_footer_widgets":"","ocean_shortcode_after_footer_widgets":"","ocean_shortcode_before_footer_bottom":"","ocean_shortcode_after_footer_bottom":"","ocean_display_top_bar":"default","ocean_display_header":"default","ocean_header_style":"","ocean_center_header_left_menu":"0","ocean_custom_header_template":"0","ocean_custom_logo":0,"ocean_custom_retina_logo":0,"ocean_custom_logo_max_width":0,"ocean_custom_logo_tablet_max_width":0,"ocean_custom_logo_mobile_max_width":0,"ocean_custom_logo_max_height":0,"ocean_custom_logo_tablet_max_height":0,"ocean_custom_logo_mobile_max_height":0,"ocean_header_custom_menu":"0","ocean_menu_typo_font_family":"0","ocean_menu_typo_font_subset":"","ocean_menu_typo_font_size":0,"ocean_menu_typo_font_size_tablet":0,"ocean_menu_typo_font_size_mobile":0,"ocean_menu_typo_font_size_unit":"px","ocean_menu_typo_font_weight":"","ocean_menu_typo_font_weight_tablet":"","ocean_menu_typo_font_weight_mobile":"","ocean_menu_typo_transform":"","ocean_menu_typo_transform_tablet":"","ocean_menu_typo_transform_mobile":"","ocean_menu_typo_line_height":0,"ocean_menu_typo_line_height_tablet":0,"ocean_menu_typo_line_height_mobile":0,"ocean_menu_typo_line_height_unit":"","ocean_menu_typo_spacing":0,"ocean_menu_typo_spacing_tablet":0,"ocean_menu_typo_spacing_mobile":0,"ocean_menu_typo_spacing_unit":"","ocean_menu_link_color":"","ocean_menu_link_color_hover":"","ocean_menu_link_color_active":"","ocean_menu_link_background":"","ocean_menu_link_hover_background":"","ocean_menu_link_active_background":"","ocean_menu_social_links_bg":"","ocean_menu_social_hover_links_bg":"","ocean_menu_social_links_color":"","ocean_menu_social_hover_links_color":"","ocean_disable_title":"on","ocean_disable_heading":"default","ocean_post_title":"","ocean_post_subheading":"","ocean_post_title_style":"","ocean_post_title_background_color":"","ocean_post_title_background":0,"ocean_post_title_bg_image_position":"","ocean_post_title_bg_image_attachment":"","ocean_post_title_bg_image_repeat":"","ocean_post_title_bg_image_size":"","ocean_post_title_height":0,"ocean_post_title_bg_overlay":0.5,"ocean_post_title_bg_overlay_color":"","ocean_disable_breadcrumbs":"default","ocean_breadcrumbs_color":"","ocean_breadcrumbs_separator_color":"","ocean_breadcrumbs_links_color":"","ocean_breadcrumbs_links_hover_color":"","ocean_display_footer_widgets":"default","ocean_display_footer_bottom":"default","ocean_custom_footer_template":"0","footnotes":""},"class_list":["post-121","page","type-page","status-publish","hentry","entry"],"_links":{"self":[{"href":"https:\/\/osk-ar.pl\/index.php\/wp-json\/wp\/v2\/pages\/121","targetHints":{"allow":["GET"]}}],"collection":[{"href":"https:\/\/osk-ar.pl\/index.php\/wp-json\/wp\/v2\/pages"}],"about":[{"href":"https:\/\/osk-ar.pl\/index.php\/wp-json\/wp\/v2\/types\/page"}],"author":[{"embeddable":true,"href":"https:\/\/osk-ar.pl\/index.php\/wp-json\/wp\/v2\/users\/1"}],"replies":[{"embeddable":true,"href":"https:\/\/osk-ar.pl\/index.php\/wp-json\/wp\/v2\/comments?post=121"}],"version-history":[{"count":4,"href":"https:\/\/osk-ar.pl\/index.php\/wp-json\/wp\/v2\/pages\/121\/revisions"}],"predecessor-version":[{"id":247,"href":"https:\/\/osk-ar.pl\/index.php\/wp-json\/wp\/v2\/pages\/121\/revisions\/247"}],"wp:attachment":[{"href":"https:\/\/osk-ar.pl\/index.php\/wp-json\/wp\/v2\/media?parent=121"}],"curies":[{"name":"wp","href":"https:\/\/api.w.org\/{rel}","templated":true}]}}